{"id":24,"date":"2020-07-08T21:59:29","date_gmt":"2020-07-08T21:59:29","guid":{"rendered":"https:\/\/h9641354.hostingrd.pl\/wp\/?page_id=24"},"modified":"2020-07-08T22:01:16","modified_gmt":"2020-07-08T22:01:16","slug":"jak-sie-zapisac","status":"publish","type":"page","link":"https:\/\/szkolajazdyosiak.pl\/?page_id=24","title":{"rendered":"Jak Si\u0119 Zapisa\u0107"},"content":{"rendered":"<p>Warunkiem rozpocz\u0119cia kursu prawa jazdy jest posiadanie <color: red\">Profilu Kandydata Na Kierowce<\/color> wydawanego przez Starostwo Powiatowe.<br \/>\n<b>W celu utworzenia Profilu Kandydata na Kierowce (<strong>PKK<\/strong>) nalezy zlo\u017cy\u0107 <u>w odpowiednim do swojego adresu zameldowania Wydziale Komunikacji<\/u>:<\/b><\/p>\n<ul>\n<li>Orzeczenie lekarskie o braku przeciwskazan do kierowania pojazdami danej kategorii,<\/li>\n<li>Wyra\u017an\u0105, aktualn\u0105 i kolorow\u0105 fotografie o wym. 3,5 X 4,5 cm,<\/li>\n<li>Zgod\u0119 rodzica\/opiekuna (je\u015bli osoba nie ma ukonczonych 18 lat),<\/li>\n<li>Wniosek o wydanie prawa jazdy (uzupelnia si\u0119 go na miejscu),<\/li>\n<li>Posiada\u0107 przy sobie dow\u00f3d osobisty albo paszport z potwierdzeniem adresu zameldowania.<\/li>\n<\/ul>\n<p>Po dostarczeniu tych dokument\u00f3w otrzymujemy numer profilu kandydata na kierowce &#8211; PKK. PKK jest wydawany od r\u0119ki.<\/p>\n","protected":false},"excerpt":{"rendered":"<p>Warunkiem rozpocz\u0119cia kursu prawa jazdy jest posiadanie<\/p>\n","protected":false},"author":1,"featured_media":0,"parent":0,"menu_order":4,"comment_status":"closed","ping_status":"closed","template":"","meta":{"ngg_post_thumbnail":0,"footnotes":""},"class_list":["post-24","page","type-page","status-publish","hentry"],"_links":{"self":[{"href":"https:\/\/szkolajazdyosiak.pl\/index.php?rest_route=\/wp\/v2\/pages\/24","targetHints":{"allow":["GET"]}}],"collection":[{"href":"https:\/\/szkolajazdyosiak.pl\/index.php?rest_route=\/wp\/v2\/pages"}],"about":[{"href":"https:\/\/szkolajazdyosiak.pl\/index.php?rest_route=\/wp\/v2\/types\/page"}],"author":[{"embeddable":true,"href":"https:\/\/szkolajazdyosiak.pl\/index.php?rest_route=\/wp\/v2\/users\/1"}],"replies":[{"embeddable":true,"href":"https:\/\/szkolajazdyosiak.pl\/index.php?rest_route=%2Fwp%2Fv2%2Fcomments&post=24"}],"version-history":[{"count":3,"href":"https:\/\/szkolajazdyosiak.pl\/index.php?rest_route=\/wp\/v2\/pages\/24\/revisions"}],"predecessor-version":[{"id":27,"href":"https:\/\/szkolajazdyosiak.pl\/index.php?rest_route=\/wp\/v2\/pages\/24\/revisions\/27"}],"wp:attachment":[{"href":"https:\/\/szkolajazdyosiak.pl\/index.php?rest_route=%2Fwp%2Fv2%2Fmedia&parent=24"}],"curies":[{"name":"wp","href":"https:\/\/api.w.org\/{rel}","templated":true}]}}