{"id":17,"date":"2020-07-08T21:51:12","date_gmt":"2020-07-08T21:51:12","guid":{"rendered":"https:\/\/h9641354.hostingrd.pl\/wp\/?page_id=17"},"modified":"2025-08-21T18:22:05","modified_gmt":"2025-08-21T16:22:05","slug":"o-nas","status":"publish","type":"page","link":"https:\/\/szkolajazdyosiak.pl\/?page_id=17","title":{"rendered":"O nas"},"content":{"rendered":"<ul><li>Instruktorzy z wieloletnim do\u015bwiadczeniem wyrozumiali dla pocz\u0105tkuj\u0105cych,<\/li><li>\u00a0Pojazdy szkoleniowe, jakie spotkasz na egzaminie w WORD Garwolin czy Siedlce,<\/li><li>\u00a0Materia\u0142y Szkoleniowe dla wszystkich kursant\u00f3w,<\/li><li>\u00a0Szkolenie odbywa si\u0119 wed\u0142ug indywidualnych predyspozycji i potrzeb ka\u017cdego kursanta<\/li><li>\u00a0Wyk\u0142ady zobrazowane multimedialnie<\/li><li> Bardzo atrakcyjna cena kursu i mo\u017cliwo\u015b\u0107 p\u0142atno\u015bci w ratach.<\/ul>","protected":false},"excerpt":{"rendered":"<p>Instruktorzy z wieloletnim do\u015bwiadczeniem wyrozumiali dla pocz\u0105tkuj\u0105cych, \u00a0Pojazdy szkoleniowe, jakie spotkasz na egzaminie w WORD Garwolin czy Siedlce, \u00a0Materia\u0142y Szkoleniowe dla wszystkich kursant\u00f3w, \u00a0Szkolenie odbywa si\u0119 wed\u0142ug indywidualnych predyspozycji i potrzeb ka\u017cdego kursanta \u00a0Wyk\u0142ady zobrazowane multimedialnie Bardzo atrakcyjna cena kursu i mo\u017cliwo\u015b\u0107 p\u0142atno\u015bci w ratach.<\/p>\n","protected":false},"author":1,"featured_media":0,"parent":0,"menu_order":2,"comment_status":"closed","ping_status":"closed","template":"","meta":{"ngg_post_thumbnail":0,"footnotes":""},"class_list":["post-17","page","type-page","status-publish","hentry"],"_links":{"self":[{"href":"https:\/\/szkolajazdyosiak.pl\/index.php?rest_route=\/wp\/v2\/pages\/17","targetHints":{"allow":["GET"]}}],"collection":[{"href":"https:\/\/szkolajazdyosiak.pl\/index.php?rest_route=\/wp\/v2\/pages"}],"about":[{"href":"https:\/\/szkolajazdyosiak.pl\/index.php?rest_route=\/wp\/v2\/types\/page"}],"author":[{"embeddable":true,"href":"https:\/\/szkolajazdyosiak.pl\/index.php?rest_route=\/wp\/v2\/users\/1"}],"replies":[{"embeddable":true,"href":"https:\/\/szkolajazdyosiak.pl\/index.php?rest_route=%2Fwp%2Fv2%2Fcomments&post=17"}],"version-history":[{"count":5,"href":"https:\/\/szkolajazdyosiak.pl\/index.php?rest_route=\/wp\/v2\/pages\/17\/revisions"}],"predecessor-version":[{"id":125,"href":"https:\/\/szkolajazdyosiak.pl\/index.php?rest_route=\/wp\/v2\/pages\/17\/revisions\/125"}],"wp:attachment":[{"href":"https:\/\/szkolajazdyosiak.pl\/index.php?rest_route=%2Fwp%2Fv2%2Fmedia&parent=17"}],"curies":[{"name":"wp","href":"https:\/\/api.w.org\/{rel}","templated":true}]}}